{"id":2,"date":"2024-04-22T12:19:06","date_gmt":"2024-04-22T10:19:06","guid":{"rendered":"https:\/\/abankersjourney.com\/?page_id=2"},"modified":"2026-03-12T16:43:30","modified_gmt":"2026-03-12T15:43:30","slug":"page-d-exemple","status":"publish","type":"page","link":"https:\/\/abankersjourney.com\/fr\/","title":{"rendered":"Home"},"content":{"rendered":"<div class=\"wpb-content-wrapper\"><div data-vc-full-width=\"true\" data-vc-full-width-init=\"false\" data-vc-stretch-content=\"true\" class=\"vc_row wpb_row top-row vc_custom_1718899016267 vc_row-has-fill vc_row-no-padding vc_row-o-equal-height vc_row-flex porto-inner-container wpb_custom_034b39d9bc6c6b310d69e39f0ccf274f\"><div class=\"porto-wrap-container container\"><div class=\"row align-items-center\"><div class=\"vc_column_container col-md-6\"><div class=\"wpb_wrapper vc_column-inner\"><h1  class=\"vc_custom_heading vc_do_custom_heading wpb_custom_aa365bd5046e8294520b4e73732b9d15 align-left\" >Comment Edmond J. Safra a b\u00e2tit un empire financier mondial<\/h1>\r\n\t<div class=\"wpb_text_column wpb_content_element wpb_custom_7c91d232724f73626cc933bd95b25ff0\" >\r\n\t\t<div class=\"wpb_wrapper\">\r\n\t\t\t<p>Gr\u00e2ce \u00e0 un acc\u00e8s exclusif aux archives personnelles de Safra, le journaliste financier et historien Daniel Gross retrace le parcours remarquable du banquier de Beyrouth \u00e0 Milan, S\u00e3o Paulo, Gen\u00e8ve et New York, jusqu'au sommet de la finance mondiale.<\/p>\n<p>Available in English, French, Hebrew and Portugese.<\/p>\n\r\n\t\t<\/div>\r\n\t<\/div>\r\n<div class=\"vc_row wpb_row vc_inner row\"><div class=\"vc_column_container col-md-6\"><div class=\"wpb_wrapper vc_column-inner\"><\/div><\/div><div class=\"vc_column_container col-md-6\"><div class=\"wpb_wrapper vc_column-inner\"><\/div><\/div><\/div><\/div><\/div><div class=\"vc_column_container col-md-6\"><div class=\"wpb_wrapper vc_column-inner\">\r\n\t<div class=\"wpb_text_column wpb_content_element vc_custom_1773330205392 badge wpb_custom_3b2da19f968f9bddca504b9df0c2effd\" >\r\n\t\t<div class=\"wpb_wrapper\">\r\n\t\t\t<p style=\"text-align: center; font-family: 'Crimson Text'; letter-spacing: -1px; font-weight: 600; font-size: 24px;\">Now available in paperback<\/p>\n\r\n\t\t<\/div>\r\n\t<\/div>\r\n\r\n\t<div class=\"wpb_single_image wpb_content_element vc_align_left wpb_content_element  wpb_custom_81a4f7ef9830bf958462581aa01150fb\"><div class=\"wpb_wrapper\">\r\n\t\t\t\r\n\t\t\t<div class=\"vc_single_image-wrapper   vc_box_border_grey\"><img loading=\"lazy\" decoding=\"async\" width=\"774\" height=\"998\" src=\"https:\/\/abankersjourney.com\/wp-content\/uploads\/2024\/10\/A-Bankers-Journey_French_cover-2.webp\" class=\"vc_single_image-img attachment-full\" alt=\"\" title=\"A-Banker-s-Journey_Edmond-J-Safra_book-french-cover\" srcset=\"https:\/\/abankersjourney.com\/wp-content\/uploads\/2024\/10\/A-Bankers-Journey_French_cover-2.webp 774w, https:\/\/abankersjourney.com\/wp-content\/uploads\/2024\/10\/A-Bankers-Journey_French_cover-2-768x990.webp 768w, https:\/\/abankersjourney.com\/wp-content\/uploads\/2024\/10\/A-Bankers-Journey_French_cover-2-640x825.webp 640w, https:\/\/abankersjourney.com\/wp-content\/uploads\/2024\/10\/A-Bankers-Journey_French_cover-2-400x516.webp 400w, https:\/\/abankersjourney.com\/wp-content\/uploads\/2024\/10\/A-Bankers-Journey_French_cover-2-367x473.webp 367w\" sizes=\"auto, (max-width: 774px) 100vw, 774px\" \/><\/div>\r\n\t\t<\/div>\r\n\t<\/div>\r\n<\/div><\/div><\/div><\/div><\/div><div class=\"vc_row-full-width vc_clearfix\"><\/div><div class=\"vc_row wpb_row row top-row vc_custom_1722200920950 porto_stretch_css stretch_row_content_css vc_row-has-fill wpb_custom_034b39d9bc6c6b310d69e39f0ccf274f\"><div class=\"vc_column_container col-md-12\"><div class=\"wpb_wrapper vc_column-inner\"><h2 style=\"text-align: center\" class=\"vc_custom_heading vc_do_custom_heading wpb_custom_aa365bd5046e8294520b4e73732b9d15\" >Actualit\u00e9s<\/h2><div class=\"vc_empty_space\"   style=\"height: 60px\"><span class=\"vc_empty_space_inner\"><\/span><\/div><div class=\"porto-carousel owl-carousel has-ccols has-ccols-spacing ccols-xl-4 ccols-lg-4 ccols-md-3 ccols-sm-2 ccols-1 stage-margin wpb_custom_90281dd31e98a8397dc2e361bbec657f\" data-plugin-options=\"{&quot;themeConfig&quot;:true,&quot;stagePadding&quot;:40,&quot;margin&quot;:30,&quot;autoplay&quot;:&quot;yes&quot;,&quot;mouseDrag&quot;:true,&quot;touchDrag&quot;:true,&quot;autoplayTimeout&quot;:8500,&quot;autoplayHoverPause&quot;:false,&quot;items&quot;:4,&quot;xl&quot;:4,&quot;lg&quot;:4,&quot;md&quot;:3,&quot;sm&quot;:2,&quot;xs&quot;:1,&quot;nav&quot;:false,&quot;dots&quot;:false,&quot;animateIn&quot;:&quot;&quot;,&quot;animateOut&quot;:&quot;&quot;,&quot;loop&quot;:&quot;yes&quot;,&quot;center&quot;:false,&quot;video&quot;:false,&quot;lazyLoad&quot;:false,&quot;fullscreen&quot;:false}\">\r\n\t<div class=\"wpb_text_column wpb_content_element wpb_custom_7c91d232724f73626cc933bd95b25ff0\" >\r\n\t\t<div class=\"wpb_wrapper\">\r\n\t\t\t<h6>Jan 26, 2026 &#8211;<\/h6>\n<h4><a href=\"https:\/\/www.tribunejuive.info\/2026\/01\/24\/edmond-j-safra-lincroyable-epopee-dun-banquier-qui-a-bati-un-empire-financier-mondial-par-alain-chouffan\/\" target=\"_blank\" rel=\"noopener\">Tribune Juive (France) L\u2019incroyable \u00e9pop\u00e9e d\u2019un banquier qui a b\u00e2ti un empire financier mondial<\/a><\/h4>\n\r\n\t\t<\/div>\r\n\t<\/div>\r\n\r\n\t<div class=\"wpb_text_column wpb_content_element wpb_custom_7c91d232724f73626cc933bd95b25ff0\" >\r\n\t\t<div class=\"wpb_wrapper\">\r\n\t\t\t<h6>May 5, 2025 &#8211;<\/h6>\n<h4><a href=\"https:\/\/www.ajpa.org\/JReleases\/13495632\" target=\"_blank\" rel=\"noopener\">\u201cA Banker\u2019s Journey\u201d Now Published on Four Continents in Four Languages<\/a><\/h4>\n\r\n\t\t<\/div>\r\n\t<\/div>\r\n\r\n\t<div class=\"wpb_text_column wpb_content_element wpb_custom_7c91d232724f73626cc933bd95b25ff0\" >\r\n\t\t<div class=\"wpb_wrapper\">\r\n\t\t\t<h6>Nov 28, 2024 &#8211;<\/h6>\n<h4><a href=\"https:\/\/www.revue-banque.fr\/lectures\/l-epopee-d-un-banquier-comment-edmond-j-safra-a-bati-un-empire-financier-mondial-MD22125779\" target=\"_blank\" rel=\"noopener\">Revue Banque (France), L&#8217;\u00e9pop\u00e9e d&#8217;un banquier<\/a><\/h4>\n\r\n\t\t<\/div>\r\n\t<\/div>\r\n\r\n\t<div class=\"wpb_text_column wpb_content_element wpb_custom_7c91d232724f73626cc933bd95b25ff0\" >\r\n\t\t<div class=\"wpb_wrapper\">\r\n\t\t\t<h6>Nov 29, 2024 &#8211;<\/h6>\n<h4><a href=\"https:\/\/www.youtube.com\/watch?v=ZfK1uiblskk&amp;t=898s\" target=\"_blank\" rel=\"noopener\">La Biblioth\u00e8que de Poche (France), L&#8217;entretien : Dan Gross<\/a><\/h4>\n\r\n\t\t<\/div>\r\n\t<\/div>\r\n\r\n\t<div class=\"wpb_text_column wpb_content_element wpb_custom_7c91d232724f73626cc933bd95b25ff0\" >\r\n\t\t<div class=\"wpb_wrapper\">\r\n\t\t\t<h6>Nov 18, 2024 &#8211;<\/h6>\n<h4><a href=\"https:\/\/www.letemps.ch\/economie\/finance\/l-epopee-du-banquier-edmond-safra-le-rockefeller-de-geneve\" target=\"_blank\" rel=\"noopener\">Le Temps (Switzerland), L&#8217;\u00e9pop\u00e9e du banquier<\/a><\/h4>\n\r\n\t\t<\/div>\r\n\t<\/div>\r\n\r\n\t<div class=\"wpb_text_column wpb_content_element wpb_custom_7c91d232724f73626cc933bd95b25ff0\" >\r\n\t\t<div class=\"wpb_wrapper\">\r\n\t\t\t<h6>Nov 4, 2024 &#8211;<\/h6>\n<h4><a href=\"https:\/\/www.youtube.com\/watch?v=wJf-vpdk5-Y\" target=\"_blank\" rel=\"noopener\">Dan Gross discusses &#8220;L&#8217;\u00e9pop\u00e9e d&#8217;un banquier&#8221; on Radio J<\/a><\/h4>\n\r\n\t\t<\/div>\r\n\t<\/div>\r\n\r\n\t<div class=\"wpb_text_column wpb_content_element wpb_custom_7c91d232724f73626cc933bd95b25ff0\" >\r\n\t\t<div class=\"wpb_wrapper\">\r\n\t\t\t<h6>MAY 7, 2024 &#8211;<\/h6>\n<h4><a href=\"https:\/\/blogs.timesofisrael.com\/edmond-safra-an-avatar-of-globalization\/\" target=\"_blank\" rel=\"noopener\">Times of Israel : A portrait of \u201ca man who could connect the dots\u201d<\/a><\/h4>\n\r\n\t\t<\/div>\r\n\t<\/div>\r\n\r\n\t<div class=\"wpb_text_column wpb_content_element wpb_custom_7c91d232724f73626cc933bd95b25ff0\" >\r\n\t\t<div class=\"wpb_wrapper\">\r\n\t\t\t<h6>Dec 1, 2023 \u2013<\/h6>\n<h4><a href=\"https:\/\/blogs.timesofisrael.com\/edmond-safra-an-avatar-of-globalization\/\" target=\"_blank\" rel=\"noopener\">Association of Jewish Libraries : \u201cA compelling and fascinating read\u201d<\/a><\/h4>\n\r\n\t\t<\/div>\r\n\t<\/div>\r\n\r\n\t<div class=\"wpb_text_column wpb_content_element wpb_custom_7c91d232724f73626cc933bd95b25ff0\" >\r\n\t\t<div class=\"wpb_wrapper\">\r\n\t\t\t<h6>Oct 16, 2023 \u2013\u00a0<em>Folha de S.Paulo<\/em><\/h6>\n<h4><a href=\"https:\/\/www1.folha.uol.com.br\/mercado\/2023\/09\/edmond-safra-e-tratado-como-o-banqueiro-dos-banqueiros-em-livro.shtml\" target=\"_blank\" rel=\"noopener\">Folha de S. Paulo welcomes the biography of \u2018The Bankers\u2019 banker\u2019<\/a><\/h4>\n\r\n\t\t<\/div>\r\n\t<\/div>\r\n\r\n\t<div class=\"wpb_text_column wpb_content_element wpb_custom_7c91d232724f73626cc933bd95b25ff0\" >\r\n\t\t<div class=\"wpb_wrapper\">\r\n\t\t\t<h6>Sep 27, 2023 \u2013\u00a0<em>Sele\u00e7\u00f5es<\/em><\/h6>\n<h4><a href=\"https:\/\/www.selecoes.com.br\/cultura-lazer\/melhores-biografias-para-ler-em-2023-vb\/\" target=\"_blank\" rel=\"noopener\">\u2018A Banker\u2019s Journey\u2019 has been named as one of the top five biographies in Brazil in 2023<\/a><\/h4>\n\r\n\t\t<\/div>\r\n\t<\/div>\r\n\r\n\t<div class=\"wpb_text_column wpb_content_element wpb_custom_7c91d232724f73626cc933bd95b25ff0\" >\r\n\t\t<div class=\"wpb_wrapper\">\r\n\t\t\t<h6>Aug 30, 2023 &#8211; <em>Economic News Brasil<\/em><\/h6>\n<h4><a href=\"https:\/\/economicnewsbrasil.com.br\/2023\/08\/26\/edmond-j-safra-a-biografia-do-banqueiro\/\" target=\"_blank\" rel=\"noopener\">Brazilian economic media salutes \u2018an unrivaled leader in banking\u2019<\/a><\/h4>\n\r\n\t\t<\/div>\r\n\t<\/div>\r\n\r\n\t<div class=\"wpb_text_column wpb_content_element wpb_custom_7c91d232724f73626cc933bd95b25ff0\" >\r\n\t\t<div class=\"wpb_wrapper\">\r\n\t\t\t<h6>Aug 25, 2023 &#8211; <em>Veja<\/em><\/h6>\n<h4><a href=\"https:\/\/veja.abril.com.br\/livros-mais-vendidos-old\" target=\"_blank\" rel=\"noopener\">Major Brazilian magazine includes \u2018A Banker\u2019s Journey\u2019 in best-seller list<\/a><\/h4>\n\r\n\t\t<\/div>\r\n\t<\/div>\r\n\r\n\t<div class=\"wpb_text_column wpb_content_element wpb_custom_7c91d232724f73626cc933bd95b25ff0\" >\r\n\t\t<div class=\"wpb_wrapper\">\r\n\t\t\t<h6>Aug 22, 2023 &#8211; <em>Valor Economico<\/em><\/h6>\n<h4><a href=\"https:\/\/abankersjourney.com\/wp-content\/uploads\/2024\/06\/Valor_20230810100000-1.pdf\" target=\"_blank\" rel=\"noopener\">Review of \u2018A Banker\u2019s Journey\u2019 by Valor Economico<\/a><\/h4>\n\r\n\t\t<\/div>\r\n\t<\/div>\r\n<\/div><\/div><\/div><\/div><div class=\"vc_row wpb_row row top-row vc_custom_1715607454619 wpb_custom_034b39d9bc6c6b310d69e39f0ccf274f\"><div class=\"vc_column_container col-md-12\"><div class=\"wpb_wrapper vc_column-inner\"><h2 style=\"text-align: center\" class=\"vc_custom_heading vc_do_custom_heading wpb_custom_aa365bd5046e8294520b4e73732b9d15\" >\u00c0 propos de l'auteur<\/h2><div class=\"vc_empty_space\"   style=\"height: 40px\"><span class=\"vc_empty_space_inner\"><\/span><\/div><div class=\"vc_row wpb_row vc_inner row vc_row-o-equal-height vc_row-o-content-middle vc_row-flex\"><div class=\"vc_column_container col-md-6\"><div class=\"wpb_wrapper vc_column-inner\">\r\n\t<div class=\"wpb_single_image wpb_content_element vc_align_right wpb_content_element  wpb_custom_81a4f7ef9830bf958462581aa01150fb\"><div class=\"wpb_wrapper\">\r\n\t\t\t\r\n\t\t\t<div class=\"vc_single_image-wrapper   vc_box_border_grey\"><img loading=\"lazy\" decoding=\"async\" width=\"400\" height=\"397\" src=\"https:\/\/abankersjourney.com\/wp-content\/uploads\/2024\/05\/A-Banker-s-Journey_Daniel-Gross.webp\" class=\"vc_single_image-img attachment-full\" alt=\"\" title=\"A-Banker-s-Journey_Daniel-Gross\" srcset=\"https:\/\/abankersjourney.com\/wp-content\/uploads\/2024\/05\/A-Banker-s-Journey_Daniel-Gross.webp 400w, https:\/\/abankersjourney.com\/wp-content\/uploads\/2024\/05\/A-Banker-s-Journey_Daniel-Gross-367x364.webp 367w\" sizes=\"auto, (max-width: 400px) 100vw, 400px\" \/><\/div>\r\n\t\t<\/div>\r\n\t<\/div>\r\n<\/div><\/div><div class=\"vc_column_container col-md-6\"><div class=\"wpb_wrapper vc_column-inner\"><h4  class=\"vc_custom_heading vc_do_custom_heading wpb_custom_aa365bd5046e8294520b4e73732b9d15 align-left\" >Daniel Gross est l'un des auteurs les plus lus sur la finance, l'\u00e9conomie et l'histoire des affaires. Au cours des trois derni\u00e8res d\u00e9cennies, il a couvert plus de 30 pays, de l'essor des dotcom et de la mont\u00e9e en puissance de la Chine jusqu\u00e0 la crise financi\u00e8re mondiale de 2008-2009.<\/h4><\/div><\/div><\/div>\r\n\t<div class=\"wpb_text_column wpb_content_element wpb_custom_7c91d232724f73626cc933bd95b25ff0\" >\r\n\t\t<div class=\"wpb_wrapper\">\r\n\t\t\t<p>Daniel Gross a travaill\u00e9 comme reporter pour\u00a0<em>The New Republic\u00a0<\/em>The New Republic et Bloomberg News, il a \u00e9crit la chronique \u00ab Economic View \u00bb dans le\u00a0<em>The New York Times<\/em>et a \u00e9t\u00e9 chroniqueur pour\u00a0<em>Slate\u2019s\u00a0<\/em>\"Moneybox\". Chez\u00a0<em>Newsweek<\/em>o\u00f9 il \u00e9tait chroniqueur et correspondant, il a \u00e9crit sept articles de couverture. Invit\u00e9 fr\u00e9quemment \u00e0 la t\u00e9l\u00e9vision et \u00e0 la radio, il a contribu\u00e9 \u00e0 plus de 60 publications, dont\u00a0<em>New York, Fortune,\u00a0<\/em>et le\u00a0<em>Washington Post.<\/em><\/p>\n<p>Daniel Gross est l'auteur \u00e0 succ\u00e8s de huit livres, dont\u00a0<em>Forbes Greatest Business Stories of All Time;<\/em>;\u00a0<em>Generations of Corning;<\/em>;\u00a0<em>Dumb Money: How America\u2019s Greatest Financial Minds Bankrupted the Nation;<\/em>et\u00a0<em>Better, Stronger, Faster: The Myth of American Decline and the Rise of a New Economy.<\/em>.<\/p>\n<p>Daniel Gross a fait ses \u00e9tudes \u00e0 l'universit\u00e9 Cornell et est titulaire d'une ma\u00eetrise en histoire am\u00e9ricaine de l'universit\u00e9 Harvard. Ses arri\u00e8re-grands-parents ont immigr\u00e9 aux \u00c9tats-Unis depuis Alep et Damas.<\/p>\n\r\n\t\t<\/div>\r\n\t<\/div>\r\n<\/div><\/div><\/div><div data-vc-full-width=\"true\" data-vc-full-width-init=\"false\" class=\"vc_row wpb_row row top-row white vc_custom_1715607444140 vc_row-has-fill wpb_custom_034b39d9bc6c6b310d69e39f0ccf274f\"><div class=\"vc_column_container col-md-12\"><div class=\"wpb_wrapper vc_column-inner\"><div class=\"porto-separator\"><hr class=\"separator-line  wpb_content_element align_center\" style=\"background-image: -webkit-linear-gradient(left, transparent, #f79468, transparent); background-image: linear-gradient(to right, transparent, #f79468, transparent);width:20%;\"><\/div><h6 style=\"text-align: center\" class=\"vc_custom_heading vc_do_custom_heading vc_custom_1715607797775 wpb_custom_aa365bd5046e8294520b4e73732b9d15\" >Qui \u00e9tait Edmond J. Safra ?<\/h6><h1 style=\"font-size: 4em;line-height: 1.25;text-align: center\" class=\"vc_custom_heading vc_do_custom_heading vc_custom_1715607651542 wpb_custom_aa365bd5046e8294520b4e73732b9d15\" >Le plus grand banquier de sa g\u00e9n\u00e9ration,<\/h1><div class=\"vc_row wpb_row vc_inner row vc_row-o-equal-height vc_row-o-content-middle vc_row-flex\"><div class=\"vc_column_container col-md-6\"><div class=\"wpb_wrapper vc_column-inner\">\r\n\t<div class=\"wpb_text_column wpb_content_element wpb_custom_7c91d232724f73626cc933bd95b25ff0\" >\r\n\t\t<div class=\"wpb_wrapper\">\r\n\t\t\t<p>d\u2019apr\u00e8s un ancien pr\u00e9sident de la Banque mondiale. Le fondateur de quatre grandes institutions financi\u00e8res sur trois continents et un fier enfant du quartier juif de Beyrouth. Un pionnier novateur de la mondialisation financi\u00e8re et un fid\u00e8le h\u00e9ritier d\u2019une tradition bancaire ancienne. Le principal d\u00e9fenseur et protecteur de la diaspora s\u00e9farade.<\/p>\n\r\n\t\t<\/div>\r\n\t<\/div>\r\n<\/div><\/div><div class=\"vc_column_container col-md-6\"><div class=\"wpb_wrapper vc_column-inner\">\r\n\t<div class=\"wpb_single_image wpb_content_element vc_align_center wpb_content_element  wpb_custom_81a4f7ef9830bf958462581aa01150fb\"><div class=\"wpb_wrapper\">\r\n\t\t\t\r\n\t\t\t<div class=\"vc_single_image-wrapper   vc_box_border_grey\"><img loading=\"lazy\" decoding=\"async\" width=\"600\" height=\"381\" src=\"https:\/\/abankersjourney.com\/wp-content\/uploads\/2024\/05\/A-Banker-s-Journey_Edmond-J-Safra_about-1.webp\" class=\"vc_single_image-img attachment-full\" alt=\"\" title=\"A-Banker-s-Journey_Edmond-J-Safra_about-1\" srcset=\"https:\/\/abankersjourney.com\/wp-content\/uploads\/2024\/05\/A-Banker-s-Journey_Edmond-J-Safra_about-1.webp 600w, https:\/\/abankersjourney.com\/wp-content\/uploads\/2024\/05\/A-Banker-s-Journey_Edmond-J-Safra_about-1-400x254.webp 400w, https:\/\/abankersjourney.com\/wp-content\/uploads\/2024\/05\/A-Banker-s-Journey_Edmond-J-Safra_about-1-367x233.webp 367w\" sizes=\"auto, (max-width: 600px) 100vw, 600px\" \/><\/div>\r\n\t\t<\/div>\r\n\t<\/div>\r\n<\/div><\/div><\/div><div class=\"vc_empty_space\"   style=\"height: 40px\"><span class=\"vc_empty_space_inner\"><\/span><\/div><div class=\"vc_row wpb_row vc_inner row vc_row-o-equal-height vc_row-o-content-middle vc_row-flex\"><div class=\"vc_column_container col-md-8\"><div class=\"wpb_wrapper vc_column-inner\">\r\n\t<div class=\"wpb_single_image wpb_content_element vc_align_center wpb_content_element  wpb_custom_81a4f7ef9830bf958462581aa01150fb\"><div class=\"wpb_wrapper\">\r\n\t\t\t\r\n\t\t\t<div class=\"vc_single_image-wrapper   vc_box_border_grey\"><img loading=\"lazy\" decoding=\"async\" width=\"600\" height=\"381\" src=\"https:\/\/abankersjourney.com\/wp-content\/uploads\/2024\/05\/A-Banker-s-Journey_Edmond-J-Safra_about-2.webp\" class=\"vc_single_image-img attachment-full\" alt=\"\" title=\"A-Banker-s-Journey_Edmond-J-Safra_about-2\" srcset=\"https:\/\/abankersjourney.com\/wp-content\/uploads\/2024\/05\/A-Banker-s-Journey_Edmond-J-Safra_about-2.webp 600w, https:\/\/abankersjourney.com\/wp-content\/uploads\/2024\/05\/A-Banker-s-Journey_Edmond-J-Safra_about-2-400x254.webp 400w, https:\/\/abankersjourney.com\/wp-content\/uploads\/2024\/05\/A-Banker-s-Journey_Edmond-J-Safra_about-2-367x233.webp 367w\" sizes=\"auto, (max-width: 600px) 100vw, 600px\" \/><\/div>\r\n\t\t<\/div>\r\n\t<\/div>\r\n<\/div><\/div><div class=\"vc_column_container col-md-4\"><div class=\"wpb_wrapper vc_column-inner\">\r\n\t<div class=\"wpb_text_column wpb_content_element wpb_custom_7c91d232724f73626cc933bd95b25ff0\" >\r\n\t\t<div class=\"wpb_wrapper\">\r\n\t\t\t<p>Dans \u00ab Le p\u00e9riple d\u2019un banquier \u00bb, le journaliste financier et historien Daniel Gross, dont l\u2019h\u00e9ritage remonte \u00e0 Alep en Syrie comme Edmond Safra, reconstitue la vie publique d\u2019un homme tr\u00e8s discret. Avec un acc\u00e8s exclusif aux archives personnelles d\u2019Edmond Safra, Daniel Gross retrace le parcours remarquable du banquier de Beyrouth \u00e0 Milan, S\u00e3o Paulo, Gen\u00e8ve et New York \u2013 jusqu\u2019au sommet de la finance mondiale.<\/p>\n\r\n\t\t<\/div>\r\n\t<\/div>\r\n<\/div><\/div><\/div><div class=\"vc_empty_space\"   style=\"height: 40px\"><span class=\"vc_empty_space_inner\"><\/span><\/div><div class=\"vc_row wpb_row vc_inner row vc_row-o-equal-height vc_row-o-content-middle vc_row-flex\"><div class=\"vc_column_container col-md-4\"><div class=\"wpb_wrapper vc_column-inner\">\r\n\t<div class=\"wpb_text_column wpb_content_element wpb_custom_7c91d232724f73626cc933bd95b25ff0\" >\r\n\t\t<div class=\"wpb_wrapper\">\r\n\t\t\t<p>Edmond Safra avait quinze ans en 1947 lorsque son p\u00e8re l\u2019envoya s\u2019\u00e9tablir \u00e0 Milan, en Italie. Parlant couramment six langues et dot\u00e9 d\u2019un sens aigu des bonnes affaires, de la gestion du risque et du potentiel de chacun, Edmond Safra n\u2019a cess\u00e9 de parcourir le monde jusqu\u2019\u00e0 sa mort tragique en 1999. L\u2019empire financier mondial moderne qu\u2019il a construit \u00e9tait fond\u00e9 sur des principes intemporels : un banquier doit prot\u00e9ger ses d\u00e9posants et \u00e9viter un effet de levier ainsi que les risques excessifs. \u00c0 une \u00e9poque de faillites et de sauvetages financiers, Edmond Safra a affich\u00e9 des rendements remarquables tout en subissant rarement des pertes.<\/p>\n\r\n\t\t<\/div>\r\n\t<\/div>\r\n<\/div><\/div><div class=\"vc_column_container col-md-8\"><div class=\"wpb_wrapper vc_column-inner\">\r\n\t<div class=\"wpb_single_image wpb_content_element vc_align_center wpb_content_element  wpb_custom_81a4f7ef9830bf958462581aa01150fb\"><div class=\"wpb_wrapper\">\r\n\t\t\t\r\n\t\t\t<div class=\"vc_single_image-wrapper   vc_box_border_grey\"><img loading=\"lazy\" decoding=\"async\" width=\"600\" height=\"508\" src=\"https:\/\/abankersjourney.com\/wp-content\/uploads\/2024\/05\/A-Banker-s-Journey_Edmond-J-Safra_about-3.webp\" class=\"vc_single_image-img attachment-full\" alt=\"\" title=\"A-Banker-s-Journey_Edmond-J-Safra_about-3\" srcset=\"https:\/\/abankersjourney.com\/wp-content\/uploads\/2024\/05\/A-Banker-s-Journey_Edmond-J-Safra_about-3.webp 600w, https:\/\/abankersjourney.com\/wp-content\/uploads\/2024\/05\/A-Banker-s-Journey_Edmond-J-Safra_about-3-400x339.webp 400w, https:\/\/abankersjourney.com\/wp-content\/uploads\/2024\/05\/A-Banker-s-Journey_Edmond-J-Safra_about-3-367x311.webp 367w\" sizes=\"auto, (max-width: 600px) 100vw, 600px\" \/><\/div>\r\n\t\t<\/div>\r\n\t<\/div>\r\n<\/div><\/div><\/div><div class=\"vc_empty_space\"   style=\"height: 40px\"><span class=\"vc_empty_space_inner\"><\/span><\/div><div class=\"vc_row wpb_row vc_inner row vc_row-o-equal-height vc_row-o-content-middle vc_row-flex\"><div class=\"vc_column_container col-md-8\"><div class=\"wpb_wrapper vc_column-inner\">\r\n\t<div class=\"wpb_single_image wpb_content_element vc_align_center wpb_content_element  wpb_custom_81a4f7ef9830bf958462581aa01150fb\"><div class=\"wpb_wrapper\">\r\n\t\t\t\r\n\t\t\t<div class=\"vc_single_image-wrapper   vc_box_border_grey\"><img loading=\"lazy\" decoding=\"async\" width=\"600\" height=\"422\" src=\"https:\/\/abankersjourney.com\/wp-content\/uploads\/2024\/05\/A-Banker-s-Journey_Edmond-J-Safra_about-4.webp\" class=\"vc_single_image-img attachment-full\" alt=\"\" title=\"A-Banker-s-Journey_Edmond-J-Safra_about-4\" srcset=\"https:\/\/abankersjourney.com\/wp-content\/uploads\/2024\/05\/A-Banker-s-Journey_Edmond-J-Safra_about-4.webp 600w, https:\/\/abankersjourney.com\/wp-content\/uploads\/2024\/05\/A-Banker-s-Journey_Edmond-J-Safra_about-4-400x281.webp 400w, https:\/\/abankersjourney.com\/wp-content\/uploads\/2024\/05\/A-Banker-s-Journey_Edmond-J-Safra_about-4-367x258.webp 367w\" sizes=\"auto, (max-width: 600px) 100vw, 600px\" \/><\/div>\r\n\t\t<\/div>\r\n\t<\/div>\r\n<\/div><\/div><div class=\"vc_column_container col-md-4\"><div class=\"wpb_wrapper vc_column-inner\">\r\n\t<div class=\"wpb_text_column wpb_content_element wpb_custom_7c91d232724f73626cc933bd95b25ff0\" >\r\n\t\t<div class=\"wpb_wrapper\">\r\n\t\t\t<p>D\u00e8s son plus jeune \u00e2ge, Safra a assum\u00e9 le r\u00f4le de leader dans la communaut\u00e9 juive syro-libanaise, en fournissant une aide personnelle, en soutenant les communaut\u00e9s qui se sont form\u00e9es en exil et en d\u00e9fendant les efforts religieux et \u00e9ducatifs s\u00e9pharades en Isra\u00ebl et dans le monde.<\/p>\n\r\n\t\t<\/div>\r\n\t<\/div>\r\n<\/div><\/div><\/div><\/div><\/div><\/div><div class=\"vc_row-full-width vc_clearfix\"><\/div><div data-vc-full-width=\"true\" data-vc-full-width-init=\"false\" class=\"vc_row wpb_row row top-row white vc_custom_1715607529075 vc_row-has-fill wpb_custom_034b39d9bc6c6b310d69e39f0ccf274f\"><div class=\"vc_column_container col-md-12\"><div class=\"wpb_wrapper vc_column-inner\">\r\n\t<div class=\"wpb_single_image wpb_content_element vc_align_center wpb_content_element  vc_custom_1715607401573 wpb_custom_81a4f7ef9830bf958462581aa01150fb\"><div class=\"wpb_wrapper\">\r\n\t\t\t\r\n\t\t\t<div class=\"vc_single_image-wrapper   vc_box_border_grey\"><img loading=\"lazy\" decoding=\"async\" width=\"600\" height=\"259\" src=\"https:\/\/abankersjourney.com\/wp-content\/uploads\/2024\/05\/A-Banker-s-Journey_Edmond-J-Safra_about-5.webp\" class=\"vc_single_image-img attachment-full\" alt=\"\" title=\"A-Banker-s-Journey_Edmond-J-Safra_about-5\" srcset=\"https:\/\/abankersjourney.com\/wp-content\/uploads\/2024\/05\/A-Banker-s-Journey_Edmond-J-Safra_about-5.webp 600w, https:\/\/abankersjourney.com\/wp-content\/uploads\/2024\/05\/A-Banker-s-Journey_Edmond-J-Safra_about-5-400x173.webp 400w, https:\/\/abankersjourney.com\/wp-content\/uploads\/2024\/05\/A-Banker-s-Journey_Edmond-J-Safra_about-5-367x158.webp 367w\" sizes=\"auto, (max-width: 600px) 100vw, 600px\" \/><\/div>\r\n\t\t<\/div>\r\n\t<\/div>\r\n<div class=\"vc_row wpb_row vc_inner row vc_custom_1715607330834 vc_row-has-fill vc_row-o-equal-height vc_row-o-content-middle vc_row-flex\"><div class=\"vc_column_container col-md-8\"><div class=\"wpb_wrapper vc_column-inner\">\r\n\t<div class=\"wpb_text_column wpb_content_element vc_custom_1715607378100 wpb_custom_7c91d232724f73626cc933bd95b25ff0\" >\r\n\t\t<div class=\"wpb_wrapper\">\r\n\t\t\t<p>La vie d\u2019Edmond J. Safra au XXe si\u00e8cle offre des le\u00e7ons durables pour ceux qui cherchent \u00e0 tracer leur propre chemin au XXIe si\u00e8cle. Il a inspir\u00e9 des g\u00e9n\u00e9rations \u00e0 faire un monde meilleur.<\/p>\n\r\n\t\t<\/div>\r\n\t<\/div>\r\n<\/div><\/div><div class=\"vc_column_container col-md-4\"><div class=\"wpb_wrapper vc_column-inner\"><div class=\"vc_btn3-container vc_btn3-center vc_custom_1715607386700 vc_do_btn\" >\r\n\t<button class=\"vc_general vc_btn3 vc_btn3-size-xl vc_btn3-shape-default vc_btn3-style-flat wpb_custom_6687b26f39488ddbb85ddb3c1ce8e111 vc_btn3-color-warning btn\">COMMANDER<\/button>\t<\/div>\r\n<\/div><\/div><\/div><div class=\"vc_empty_space\"   style=\"height: 40px\"><span class=\"vc_empty_space_inner\"><\/span><\/div><\/div><\/div><\/div><div class=\"vc_row-full-width vc_clearfix\"><\/div>\n<\/div>","protected":false},"excerpt":{"rendered":"How Edmond J. Safra Built a Global Financial Empire With exclusive access to Mr. Safra\u2019s personal archives, financial journalist and historian Daniel Gross tracks the banker\u2019s remarkable journey from Beirut to Milan, S\u00e3o Paulo, Geneva, and New York\u2014to the pinnacle of global finance. Available in English, French, Hebrew and Portugese. Now available in paperback News [...]","protected":false},"author":1,"featured_media":0,"parent":0,"menu_order":0,"comment_status":"closed","ping_status":"open","template":"","meta":{"footnotes":""},"class_list":["post-2","page","type-page","status-publish","hentry"],"_links":{"self":[{"href":"https:\/\/abankersjourney.com\/fr\/wp-json\/wp\/v2\/pages\/2","targetHints":{"allow":["GET"]}}],"collection":[{"href":"https:\/\/abankersjourney.com\/fr\/wp-json\/wp\/v2\/pages"}],"about":[{"href":"https:\/\/abankersjourney.com\/fr\/wp-json\/wp\/v2\/types\/page"}],"author":[{"embeddable":true,"href":"https:\/\/abankersjourney.com\/fr\/wp-json\/wp\/v2\/users\/1"}],"replies":[{"embeddable":true,"href":"https:\/\/abankersjourney.com\/fr\/wp-json\/wp\/v2\/comments?post=2"}],"version-history":[{"count":55,"href":"https:\/\/abankersjourney.com\/fr\/wp-json\/wp\/v2\/pages\/2\/revisions"}],"predecessor-version":[{"id":341,"href":"https:\/\/abankersjourney.com\/fr\/wp-json\/wp\/v2\/pages\/2\/revisions\/341"}],"wp:attachment":[{"href":"https:\/\/abankersjourney.com\/fr\/wp-json\/wp\/v2\/media?parent=2"}],"curies":[{"name":"wp","href":"https:\/\/api.w.org\/{rel}","templated":true}]}}